{"id":113,"date":"2025-02-09T11:43:59","date_gmt":"2025-02-09T10:43:59","guid":{"rendered":"https:\/\/dev.cknm.fr\/?page_id=113"},"modified":"2025-07-06T10:40:23","modified_gmt":"2025-07-06T08:40:23","slug":"formation","status":"publish","type":"page","link":"https:\/\/cknm.fr\/index.php\/formation\/","title":{"rendered":"Formation"},"content":{"rendered":"\n<h2 class=\"wp-block-heading has-huge-font-size\">Formation<\/h2>\n\n\n\n<p>Le cano\u00eb-kayak est un sport de pleine nature hautement technique.<br>La formation de nos membres, qu&rsquo;ils pratiquent en loisir ou en eau-vive, est essentielle de notre point de vue.<\/p>\n\n\n\n<div class=\"wp-block-columns is-layout-flex wp-container-core-columns-is-layout-28f84493 wp-block-columns-is-layout-flex\">\n<div class=\"wp-block-column is-layout-flow wp-block-column-is-layout-flow\">\n<p><strong><em>Pagaies Couleurs<\/em><\/strong><br>Notre club utilise le r\u00e9f\u00e9rentiel <a href=\"https:\/\/www.ffck.org\/formation\/pagaies-couleurs\/pagaies-couleurs-2021\/\">\u00ab\u00a0Pagaies Couleurs\u00a0\u00bb de la FFCK <\/a>comme support \u00e0 son enseignement ainsi que pour certifier les niveaux de pratique.<br><br><strong><em>Encadrement<\/em><\/strong><br>Le club dispose de plusieurs encadrants dipl\u00f4m\u00e9s exp\u00e9riment\u00e9s et accompagne les adh\u00e9rent(e)s qui s&rsquo;engagent dans les parcours dipl\u00f4mants propos\u00e9s par la FFCK :<br>&#8211; Assistant Moniteur (AMFPC)<br>&#8211; Moniteur F\u00e9d\u00e9ral (MFPC)<\/p>\n<\/div>\n\n\n\n<div class=\"wp-block-column is-layout-flow wp-block-column-is-layout-flow\">\n<p class=\"has-text-align-center\"><strong><em>S\u00e9curit\u00e9<\/em><\/strong><br>Pour nous, le niveau de s\u00e9curit\u00e9 d&rsquo;un groupe est la somme des capacit\u00e9s des participants qui le composent. C&rsquo;est pourquoi, du d\u00e9butant jusqu&rsquo;aux pagayeurs les plus avanc\u00e9s, les adh\u00e9rents sont amen\u00e9s \u00e0 participer puis \u00e0 animer des s\u00e9ances d\u00e9di\u00e9es \u00e0 la s\u00e9curit\u00e9 dans les diff\u00e9rents milieux de pratique : eau calme, eau-vive et mer.<br><img loading=\"lazy\" decoding=\"async\" width=\"300\" height=\"407\" class=\"wp-image-73\" style=\"width: 300px;\" src=\"http:\/\/dev.cknm.fr\/wp-content\/uploads\/2025\/02\/Recup01.jpg\" alt=\"\" srcset=\"https:\/\/cknm.fr\/wp-content\/uploads\/2025\/02\/Recup01.jpg 950w, https:\/\/cknm.fr\/wp-content\/uploads\/2025\/02\/Recup01-221x300.jpg 221w, https:\/\/cknm.fr\/wp-content\/uploads\/2025\/02\/Recup01-755x1024.jpg 755w, https:\/\/cknm.fr\/wp-content\/uploads\/2025\/02\/Recup01-768x1042.jpg 768w\" sizes=\"auto, (max-width: 300px) 100vw, 300px\" \/><\/p>\n<\/div>\n\n\n\n<div class=\"wp-block-column is-layout-flow wp-block-column-is-layout-flow\">\n<p><strong><em>Ateliers<\/em><\/strong><br>Des th\u00e8mes vari\u00e9s comme le mat\u00e9riel, la cartographie, la m\u00e9t\u00e9o marine, la classification des rivi\u00e8res, &#8230; y sont abord\u00e9s.<br>Des formations au secourisme (PSC1) sont aussi r\u00e9guli\u00e8rement propos\u00e9es.<\/p>\n<\/div>\n<\/div>\n\n\n\n<p><\/p>\n","protected":false},"excerpt":{"rendered":"<p>Formation Le cano\u00eb-kayak est un sport de pleine nature hautement technique.La formation de nos membres, qu&rsquo;ils pratiquent en loisir ou en eau-vive, est essentielle de notre point de vue. Pagaies CouleursNotre club utilise le r\u00e9f\u00e9rentiel \u00ab\u00a0Pagaies Couleurs\u00a0\u00bb de la FFCK comme support \u00e0 son enseignement ainsi que pour certifier les niveaux de pratique. EncadrementLe club [&hellip;]<\/p>\n","protected":false},"author":1,"featured_media":0,"parent":0,"menu_order":3,"comment_status":"closed","ping_status":"closed","template":"","meta":{"footnotes":""},"class_list":["post-113","page","type-page","status-publish","hentry"],"_links":{"self":[{"href":"https:\/\/cknm.fr\/index.php\/wp-json\/wp\/v2\/pages\/113","targetHints":{"allow":["GET"]}}],"collection":[{"href":"https:\/\/cknm.fr\/index.php\/wp-json\/wp\/v2\/pages"}],"about":[{"href":"https:\/\/cknm.fr\/index.php\/wp-json\/wp\/v2\/types\/page"}],"author":[{"embeddable":true,"href":"https:\/\/cknm.fr\/index.php\/wp-json\/wp\/v2\/users\/1"}],"replies":[{"embeddable":true,"href":"https:\/\/cknm.fr\/index.php\/wp-json\/wp\/v2\/comments?post=113"}],"version-history":[{"count":13,"href":"https:\/\/cknm.fr\/index.php\/wp-json\/wp\/v2\/pages\/113\/revisions"}],"predecessor-version":[{"id":313,"href":"https:\/\/cknm.fr\/index.php\/wp-json\/wp\/v2\/pages\/113\/revisions\/313"}],"wp:attachment":[{"href":"https:\/\/cknm.fr\/index.php\/wp-json\/wp\/v2\/media?parent=113"}],"curies":[{"name":"wp","href":"https:\/\/api.w.org\/{rel}","templated":true}]}}