{"id":45,"date":"2025-02-02T10:50:10","date_gmt":"2025-02-02T09:50:10","guid":{"rendered":"http:\/\/dev.cknm.fr\/?page_id=45"},"modified":"2026-02-24T18:40:51","modified_gmt":"2026-02-24T17:40:51","slug":"contact","status":"publish","type":"page","link":"https:\/\/cknm.fr\/index.php\/contact\/","title":{"rendered":"Contacts &amp; inscriptions"},"content":{"rendered":"\n<div class=\"wp-block-group alignwide is-layout-constrained wp-container-core-group-is-layout-cd069a01 wp-block-group-is-layout-constrained\" style=\"padding-right:var(--wp--custom--spacing--small, 1.25rem);padding-left:var(--wp--custom--spacing--small, 1.25rem)\">\n<div class=\"wp-block-group alignwide is-content-justification-space-between is-layout-flex wp-container-core-group-is-layout-d260e2b2 wp-block-group-is-layout-flex\" style=\"padding-top:calc(.5*var(--wp--custom--spacing--small, 1.25rem));padding-bottom:calc(.5*var(--wp--custom--spacing--small, 1.25rem))\">\n<div class=\"wp-block-group is-layout-flex wp-block-group-is-layout-flex\"><div class=\"wp-block-site-logo\"><a href=\"https:\/\/cknm.fr\/\" class=\"custom-logo-link\" rel=\"home\"><img loading=\"lazy\" decoding=\"async\" width=\"212\" height=\"127\" src=\"https:\/\/cknm.fr\/wp-content\/uploads\/2025\/02\/Logo-CKNM-detoure-orange_blue.png\" class=\"custom-logo\" alt=\"Logo CKNM bicolore\" srcset=\"https:\/\/cknm.fr\/wp-content\/uploads\/2025\/02\/Logo-CKNM-detoure-orange_blue.png 11714w, https:\/\/cknm.fr\/wp-content\/uploads\/2025\/02\/Logo-CKNM-detoure-orange_blue-300x180.png 300w, https:\/\/cknm.fr\/wp-content\/uploads\/2025\/02\/Logo-CKNM-detoure-orange_blue-1024x614.png 1024w, https:\/\/cknm.fr\/wp-content\/uploads\/2025\/02\/Logo-CKNM-detoure-orange_blue-768x460.png 768w, https:\/\/cknm.fr\/wp-content\/uploads\/2025\/02\/Logo-CKNM-detoure-orange_blue-1536x921.png 1536w, https:\/\/cknm.fr\/wp-content\/uploads\/2025\/02\/Logo-CKNM-detoure-orange_blue-2048x1228.png 2048w\" sizes=\"auto, (max-width: 212px) 100vw, 212px\" \/><\/a><\/div><\/div>\n\n\n<nav class=\"is-responsive items-justified-right wp-block-navigation is-content-justification-right is-layout-flex wp-container-core-navigation-is-layout-f665d2b5 wp-block-navigation-is-layout-flex\" aria-label=\"Navigation\" \n\t\t data-wp-interactive=\"core\/navigation\" data-wp-context='{\"overlayOpenedBy\":{\"click\":false,\"hover\":false,\"focus\":false},\"type\":\"overlay\",\"roleAttribute\":\"\",\"ariaLabel\":\"Menu\"}'><button aria-haspopup=\"dialog\" aria-label=\"Ouvrir le menu\" class=\"wp-block-navigation__responsive-container-open\" \n\t\t\t\tdata-wp-on--click=\"actions.openMenuOnClick\"\n\t\t\t\tdata-wp-on--keydown=\"actions.handleMenuKeydown\"\n\t\t\t><svg width=\"24\" height=\"24\" xmlns=\"http:\/\/www.w3.org\/2000\/svg\" viewBox=\"0 0 24 24\" aria-hidden=\"true\" focusable=\"false\"><path d=\"M4 7.5h16v1.5H4z\"><\/path><path d=\"M4 15h16v1.5H4z\"><\/path><\/svg><\/button>\n\t\t\t\t<div class=\"wp-block-navigation__responsive-container\"  id=\"modal-1\" \n\t\t\t\tdata-wp-class--has-modal-open=\"state.isMenuOpen\"\n\t\t\t\tdata-wp-class--is-menu-open=\"state.isMenuOpen\"\n\t\t\t\tdata-wp-watch=\"callbacks.initMenu\"\n\t\t\t\tdata-wp-on--keydown=\"actions.handleMenuKeydown\"\n\t\t\t\tdata-wp-on--focusout=\"actions.handleMenuFocusout\"\n\t\t\t\ttabindex=\"-1\"\n\t\t\t>\n\t\t\t\t\t<div class=\"wp-block-navigation__responsive-close\" tabindex=\"-1\">\n\t\t\t\t\t\t<div class=\"wp-block-navigation__responsive-dialog\" \n\t\t\t\tdata-wp-bind--aria-modal=\"state.ariaModal\"\n\t\t\t\tdata-wp-bind--aria-label=\"state.ariaLabel\"\n\t\t\t\tdata-wp-bind--role=\"state.roleAttribute\"\n\t\t\t>\n\t\t\t\t\t\t\t<button aria-label=\"Fermer le menu\" class=\"wp-block-navigation__responsive-container-close\" \n\t\t\t\tdata-wp-on--click=\"actions.closeMenuOnClick\"\n\t\t\t><svg xmlns=\"http:\/\/www.w3.org\/2000\/svg\" viewBox=\"0 0 24 24\" width=\"24\" height=\"24\" aria-hidden=\"true\" focusable=\"false\"><path d=\"m13.06 12 6.47-6.47-1.06-1.06L12 10.94 5.53 4.47 4.47 5.53 10.94 12l-6.47 6.47 1.06 1.06L12 13.06l6.47 6.47 1.06-1.06L13.06 12Z\"><\/path><\/svg><\/button>\n\t\t\t\t\t\t\t<div class=\"wp-block-navigation__responsive-container-content\" \n\t\t\t\tdata-wp-watch=\"callbacks.focusFirstElement\"\n\t\t\t id=\"modal-1-content\">\n\t\t\t\t\t\t\t\t<ul class=\"wp-block-navigation__container is-responsive items-justified-right wp-block-navigation\"><ul class=\"wp-block-page-list\"><li class=\"wp-block-pages-list__item wp-block-navigation-item open-on-hover-click\"><a class=\"wp-block-pages-list__item__link wp-block-navigation-item__content\" href=\"https:\/\/cknm.fr\/index.php\/page-presentation-canoe-kayak-neuilly-sur-marne\/\">Qui sommes nous ?<\/a><\/li><li class=\"wp-block-pages-list__item wp-block-navigation-item open-on-hover-click\"><a class=\"wp-block-pages-list__item__link wp-block-navigation-item__content\" href=\"https:\/\/cknm.fr\/index.php\/activites\/\">Activit\u00e9s<\/a><\/li><li class=\"wp-block-pages-list__item wp-block-navigation-item open-on-hover-click\"><a class=\"wp-block-pages-list__item__link wp-block-navigation-item__content\" href=\"https:\/\/cknm.fr\/index.php\/formation\/\">Formation<\/a><\/li><li class=\"wp-block-pages-list__item wp-block-navigation-item open-on-hover-click\"><a class=\"wp-block-pages-list__item__link wp-block-navigation-item__content\" href=\"https:\/\/cknm.fr\/index.php\/contact\/\">Contacts &amp; inscriptions<\/a><\/li><\/ul><\/ul>\n\t\t\t\t\t\t\t<\/div>\n\t\t\t\t\t\t<\/div>\n\t\t\t\t\t<\/div>\n\t\t\t\t<\/div><\/nav><\/div>\n<\/div>\n\n\n\n<h1 class=\"wp-block-heading has-huge-font-size\">Inscriptions <\/h1>\n\n\n\n<div class=\"wp-block-columns is-layout-flex wp-container-core-columns-is-layout-28f84493 wp-block-columns-is-layout-flex\">\n<div class=\"wp-block-column is-layout-flow wp-block-column-is-layout-flow\">\n<p><strong><em>Conditions d\u2019inscription<\/em><\/strong><br>Ouvert \u00e0 tous \u00e0 partir de 16 ans.<br>Les d\u00e9butants sont les bienvenus.<br>Inscription lors des forums des associations de Neuilly sur Marne et Neuilly Plaisance.<br>Savoir nager 50 m et s\u2019immerger<br>Certificat m\u00e9dical pour la pratique du cano\u00eb-kayak.<\/p>\n\n\n\n<p class=\"has-border-color has-luminous-vivid-amber-border-color\" style=\"border-style:dotted;border-width:2px\">Dates des forums 2025<br>&#8211; 6 septembre : f\u00eate de la Rentr\u00e9e de Neuilly-Plaisance dans le Parc du Plateau d&rsquo;Avron<br>&#8211; 7 septembre : forum des associations de Neuilly sur Marne au Port de Plaisance<\/p>\n\n\n\n<p><span><em style=\"font-weight: bold;\">Parcours  d\u00e9butants<\/em><\/span><br>Un parcours d&rsquo;initiation est organis\u00e9 en septembre &#8211; octobre. <br>Les d\u00e9butant(e)s de l&rsquo;ann\u00e9e y acqui\u00e8rent les techniques de base, de l&rsquo;aisance et des notions de s\u00e9curit\u00e9.<br>Il leur permet aussi de confirmer leur go\u00fbt pour l&rsquo;activit\u00e9 avant d&rsquo;adh\u00e9rer pleinement \u00e0 l&rsquo;association.<\/p>\n<\/div>\n<\/div>\n\n\n\n<p><strong><em>Tarifs (2025-2026)<\/em><\/strong><br>Comprennent la licence et l\u2019assurance de la F\u00e9d\u00e9ration Fran\u00e7aise de Cano\u00eb Kayak FFCK<br>Parcours d\u00e9butants (4 s\u00e9ances) sur septembre &#8211; octobre : 40 \u20ac<br>Post parcours d\u00e9butants d&rsquo;octobre \u00e0 d\u00e9cembre : 20 \u20ac<br>Inscription annuelle de Janvier \u00e0 d\u00e9cembre (12 mois) : 115 \u20ac (hors comp\u00e9tition et assurance compl\u00e9mentaire)<br><\/p>\n\n\n\n<h2 class=\"wp-block-heading has-huge-font-size\">Contacts<\/h2>\n\n\n\n<p><strong><mark style=\"background-color:rgba(0, 0, 0, 0);color:#ff6900\" class=\"has-inline-color\">Nous ne louons pas de cano\u00ebs<\/mark><\/strong>. Nos propositions d&rsquo;activit\u00e9s estivales destin\u00e9es au grand public sont mises en ligne via le site <a href=\"https:\/\/exploreparis.com\/fr\/\" target=\"\u00bb_blank \u00bb &quot;data-type=&quot;link&quot;&quot;\" data-id=\"https:\/\/exploreparis.com\/fr\/\">ExploreParis<\/a>.<\/p>\n\n\n\n<p>Mindy : 06 67 38 47 76 <br>Sylvie : 06 86 88 36 32 le soir et le week-end<br>Mail : <a href=\"mailto:contact@cknm.fr\">contact@cknm.fr<\/a><br>CKNM &#8211; BAL 24 &#8211; Chemin de l&rsquo;\u00e9cluse &#8211; 93330 Neuilly sur Marne<\/p>\n\n\n\n<div class=\"wp-block-file aligncenter\"><a id=\"wp-block-file--media-a18e2b67-2660-4eb5-bc8a-734a288331da\" href=\"http:\/\/dev.cknm.fr\/wp-content\/uploads\/2025\/02\/Venirpagayer.pdf\" target=\"_blank\" rel=\"noreferrer noopener\">Plan acc\u00e8s CKNM (pdf)<\/a><a href=\"http:\/\/dev.cknm.fr\/wp-content\/uploads\/2025\/02\/Venirpagayer.pdf\" class=\"wp-block-file__button wp-element-button\" download aria-describedby=\"wp-block-file--media-a18e2b67-2660-4eb5-bc8a-734a288331da\">T\u00e9l\u00e9charger<\/a><\/div>\n\n\n\n<div class=\"wp-block-columns is-layout-flex wp-container-core-columns-is-layout-28f84493 wp-block-columns-is-layout-flex\">\n<div class=\"wp-block-column is-layout-flow wp-block-column-is-layout-flow\" style=\"flex-basis:100%\">\n<iframe loading=\"lazy\" src=\"https:\/\/www.google.com\/maps\/d\/embed?mid=1Fg0LOtjmFcB_s33C1CZC29yIxbyhM8gc&#038;ehbc=2E312F\" width=\"640\" height=\"480\"><\/iframe>\n<\/div>\n<\/div>\n\n\n\n<p><\/p>\n","protected":false},"excerpt":{"rendered":"<p>Inscriptions Conditions d\u2019inscriptionOuvert \u00e0 tous \u00e0 partir de 16 ans.Les d\u00e9butants sont les bienvenus.Inscription lors des forums des associations de Neuilly sur Marne et Neuilly Plaisance.Savoir nager 50 m et s\u2019immergerCertificat m\u00e9dical pour la pratique du cano\u00eb-kayak. Dates des forums 2025&#8211; 6 septembre : f\u00eate de la Rentr\u00e9e de Neuilly-Plaisance dans le Parc du Plateau [&hellip;]<\/p>\n","protected":false},"author":1,"featured_media":0,"parent":0,"menu_order":4,"comment_status":"closed","ping_status":"closed","template":"blank","meta":{"footnotes":""},"class_list":["post-45","page","type-page","status-publish","hentry"],"_links":{"self":[{"href":"https:\/\/cknm.fr\/index.php\/wp-json\/wp\/v2\/pages\/45","targetHints":{"allow":["GET"]}}],"collection":[{"href":"https:\/\/cknm.fr\/index.php\/wp-json\/wp\/v2\/pages"}],"about":[{"href":"https:\/\/cknm.fr\/index.php\/wp-json\/wp\/v2\/types\/page"}],"author":[{"embeddable":true,"href":"https:\/\/cknm.fr\/index.php\/wp-json\/wp\/v2\/users\/1"}],"replies":[{"embeddable":true,"href":"https:\/\/cknm.fr\/index.php\/wp-json\/wp\/v2\/comments?post=45"}],"version-history":[{"count":32,"href":"https:\/\/cknm.fr\/index.php\/wp-json\/wp\/v2\/pages\/45\/revisions"}],"predecessor-version":[{"id":345,"href":"https:\/\/cknm.fr\/index.php\/wp-json\/wp\/v2\/pages\/45\/revisions\/345"}],"wp:attachment":[{"href":"https:\/\/cknm.fr\/index.php\/wp-json\/wp\/v2\/media?parent=45"}],"curies":[{"name":"wp","href":"https:\/\/api.w.org\/{rel}","templated":true}]}}